{"id":698,"date":"2025-08-23T12:03:05","date_gmt":"2025-08-23T09:03:05","guid":{"rendered":"https:\/\/drtamersakrak.com\/en\/?page_id=698"},"modified":"2025-10-14T23:03:46","modified_gmt":"2025-10-14T20:03:46","slug":"dr-tamer-sakrak","status":"publish","type":"page","link":"https:\/\/drtamersakrak.com\/en\/dr-tamer-sakrak\/","title":{"rendered":"About me"},"content":{"rendered":"\t\t<div data-elementor-type=\"wp-page\" data-elementor-id=\"698\" class=\"elementor elementor-698\" data-elementor-post-type=\"page\">\n\t\t\t\t<div class=\"elementor-element elementor-element-f90b112 e-flex e-con-boxed wpr-particle-no wpr-jarallax-no wpr-parallax-no wpr-sticky-section-no e-con e-parent\" data-id=\"f90b112\" data-element_type=\"container\" data-settings=\"{&quot;background_background&quot;:&quot;classic&quot;}\">\n\t\t\t\t\t<div class=\"e-con-inner\">\n\t\t<div class=\"elementor-element elementor-element-7b49aaf e-con-full e-flex wpr-particle-no wpr-jarallax-no wpr-parallax-no wpr-sticky-section-no e-con e-child\" data-id=\"7b49aaf\" data-element_type=\"container\">\n\t\t<div class=\"elementor-element elementor-element-68ef646 e-con-full e-flex wpr-particle-no wpr-jarallax-no wpr-parallax-no wpr-sticky-section-no e-con e-child\" data-id=\"68ef646\" data-element_type=\"container\">\n\t\t\t\t<div class=\"elementor-element elementor-element-5191cbc elementor-widget elementor-widget-image\" data-id=\"5191cbc\" data-element_type=\"widget\" data-widget_type=\"image.default\">\n\t\t\t\t\t\t\t\t\t\t\t\t\t\t\t<img fetchpriority=\"high\" decoding=\"async\" width=\"787\" height=\"1020\" src=\"https:\/\/drtamersakrak.com\/en\/wp-content\/uploads\/2025\/08\/dr-tamer-sakrak-2.jpg\" class=\"attachment-full size-full wp-image-727\" alt=\"\" srcset=\"https:\/\/drtamersakrak.com\/en\/wp-content\/uploads\/2025\/08\/dr-tamer-sakrak-2.jpg 787w, https:\/\/drtamersakrak.com\/en\/wp-content\/uploads\/2025\/08\/dr-tamer-sakrak-2-231x300.jpg 231w, https:\/\/drtamersakrak.com\/en\/wp-content\/uploads\/2025\/08\/dr-tamer-sakrak-2-768x995.jpg 768w\" sizes=\"(max-width: 787px) 100vw, 787px\" \/>\t\t\t\t\t\t\t\t\t\t\t\t\t\t\t<\/div>\n\t\t\t\t<\/div>\n\t\t<div class=\"elementor-element elementor-element-624ce92 e-con-full e-flex wpr-particle-no wpr-jarallax-no wpr-parallax-no wpr-sticky-section-no e-con e-child\" data-id=\"624ce92\" data-element_type=\"container\">\n\t\t\t\t<div class=\"elementor-element elementor-element-f29f747 elementor-widget elementor-widget-heading\" data-id=\"f29f747\" data-element_type=\"widget\" data-widget_type=\"heading.default\">\n\t\t\t\t\t<h1 class=\"elementor-heading-title elementor-size-default\">Dr. Tamer \u015eakrak<\/h1>\t\t\t\t<\/div>\n\t\t\t\t<div class=\"elementor-element elementor-element-c7d5edc elementor-widget elementor-widget-heading\" data-id=\"c7d5edc\" data-element_type=\"widget\" data-widget_type=\"heading.default\">\n\t\t\t\t\t<p class=\"elementor-heading-title elementor-size-default\">Plastic Reconstructive and Aesthetic Surgery<\/p>\t\t\t\t<\/div>\n\t\t\t\t<div class=\"elementor-element elementor-element-cb84490 elementor-widget elementor-widget-spacer\" data-id=\"cb84490\" data-element_type=\"widget\" data-widget_type=\"spacer.default\">\n\t\t\t\t\t\t\t<div class=\"elementor-spacer\">\n\t\t\t<div class=\"elementor-spacer-inner\"><\/div>\n\t\t<\/div>\n\t\t\t\t\t\t<\/div>\n\t\t\t\t<div class=\"elementor-element elementor-element-9e0a095 elementor-widget elementor-widget-text-editor\" data-id=\"9e0a095\" data-element_type=\"widget\" data-widget_type=\"text-editor.default\">\n\t\t\t\t\t\t\t\t\t<p>On February 15, 1977, I was born in Nuremberg, Germany, the last child of a family of workers. In 1982, I returned to my ancestral hometown, the village of Kaymak\u00e7\u0131 in the district of Payis in the province of Izmir. In other words, I am a nomad from the ma\u015fattepe cumulus of the Otam\u0131\u015f plateau of Izmir. I started primary school here. My family made a living from farming and trade. I know how to break tobacco, water the orchard or cut okra. In 1985 we moved to Izmir, where my father worked as a taxi driver and supported our family for years. I completed my secondary and high school education in Izmir. I graduated from Izmir Atat\u00fcrk High School, which I have always been proud of its name, in 1994 and won Osmangazi University Faculty of Medicine in the same year. After graduating in 2000, I worked as a general practitioner in Kocaeli province. Here I married my wife \u015eule \u015eakrak. In 2003, I completed my military service as a reserve officer. Then I started my specialty training at Eski\u015fehir Osmangazi University, Department of Plastic Reconstructive and Aesthetic Surgery.<\/p><p>In 2010, I became a Plastic Reconstructive and Aesthetic Surgery Specialist. During my university years, I conducted many studies especially in the field of microsurgery. I published scientific articles and received awards. I completed my compulsory service in Erzurum Regional Training and Research Hospital between 2010-2011. I worked as a clinical problematic and chief physician at Ac\u0131badem Eski\u015fehir Hospital in 2012-2013 and Esteworld Plastic Surgery Hospital in 2012-2014. As of 2014, I opened my own clinic and I am still working in the same clinic. I have always had a life line that is sensitive to social and social problems and in accordance with the requirements of contemporary life. During my professional career, I have performed over 7000 successful surgeries in Turkey and abroad. I have great experience especially in body contouring, postbariatric surgery, rhinoplasty and revision nose surgeries. I am currently married and father of two children.<\/p>\t\t\t\t\t\t\t\t<\/div>\n\t\t\t\t<\/div>\n\t\t\t\t<\/div>\n\t\t\t\t\t<\/div>\n\t\t\t\t<\/div>\n\t\t\t\t<\/div>\n\t\t","protected":false},"excerpt":{"rendered":"<p>Dr. Tamer \u015eakrak Plastic Reconstructive and Aesthetic Surgery On February 15, 1977, I was born in Nuremberg, Germany, the last child of a family of workers. In 1982, I returned to my ancestral hometown, the village of Kaymak\u00e7\u0131 in the district of Payis in the province of Izmir. In other words, I am a nomad from the ma\u015fattepe cumulus of the Otam\u0131\u015f plateau of Izmir. I started primary school here. My family made a living from farming and trade. I know how to break tobacco, water the orchard or cut okra. In 1985 we moved to Izmir, where my father worked as a taxi driver and supported our family for years. I completed my secondary and high school education in Izmir. I graduated from Izmir Atat\u00fcrk High School, which I have always been proud of its name, in 1994 and won Osmangazi University Faculty of Medicine in the same year. After graduating in 2000, I worked as a general practitioner in Kocaeli province. Here I married my wife \u015eule \u015eakrak. In 2003, I completed my military service as a reserve officer. Then I started my specialty training at Eski\u015fehir Osmangazi University, Department of Plastic Reconstructive and Aesthetic Surgery. In 2010, I became a Plastic Reconstructive and Aesthetic Surgery Specialist. During my university years, I conducted many studies especially in the field of microsurgery. I published scientific articles and received awards. I completed my compulsory service in Erzurum Regional Training and Research Hospital between 2010-2011. I worked as a clinical problematic and chief physician at Ac\u0131badem Eski\u015fehir Hospital in 2012-2013 and Esteworld Plastic Surgery Hospital in 2012-2014. As of 2014, I opened my own clinic and I am still working in the same clinic. I have always had a life line that is sensitive to social and social problems and in accordance with the requirements of contemporary life. During my professional career, I have performed over 7000 successful surgeries in Turkey and abroad. I have great experience especially in body contouring, postbariatric surgery, rhinoplasty and revision nose surgeries. I am currently married and father of two children.<\/p>\n","protected":false},"author":1,"featured_media":0,"parent":0,"menu_order":0,"comment_status":"closed","ping_status":"closed","template":"","meta":{"footnotes":""},"class_list":["post-698","page","type-page","status-publish","hentry"],"aioseo_notices":[],"_links":{"self":[{"href":"https:\/\/drtamersakrak.com\/en\/wp-json\/wp\/v2\/pages\/698","targetHints":{"allow":["GET"]}}],"collection":[{"href":"https:\/\/drtamersakrak.com\/en\/wp-json\/wp\/v2\/pages"}],"about":[{"href":"https:\/\/drtamersakrak.com\/en\/wp-json\/wp\/v2\/types\/page"}],"author":[{"embeddable":true,"href":"https:\/\/drtamersakrak.com\/en\/wp-json\/wp\/v2\/users\/1"}],"replies":[{"embeddable":true,"href":"https:\/\/drtamersakrak.com\/en\/wp-json\/wp\/v2\/comments?post=698"}],"version-history":[{"count":66,"href":"https:\/\/drtamersakrak.com\/en\/wp-json\/wp\/v2\/pages\/698\/revisions"}],"predecessor-version":[{"id":2718,"href":"https:\/\/drtamersakrak.com\/en\/wp-json\/wp\/v2\/pages\/698\/revisions\/2718"}],"wp:attachment":[{"href":"https:\/\/drtamersakrak.com\/en\/wp-json\/wp\/v2\/media?parent=698"}],"curies":[{"name":"wp","href":"https:\/\/api.w.org\/{rel}","templated":true}]}}